{"id":11621,"date":"2023-10-04T07:39:44","date_gmt":"2023-10-04T07:39:44","guid":{"rendered":"https:\/\/haitises.com\/?post_type=product&#038;p=11621"},"modified":"2024-04-02T17:50:36","modified_gmt":"2024-04-02T17:50:36","slug":"los-haitises-boat-private-trip-from-club-med-miches-playa-esmeralda-areas-2","status":"publish","type":"product","link":"https:\/\/dominikanskarepublikadovolena.com\/lv\/private\/los-haitises-boat-private-trip-from-club-med-miches-playa-esmeralda-areas-2\/","title":{"rendered":"Los Haitises Boat Private trip &#8211; From Club Med Mich\u00e8s Playa Esmeralda  Areas"},"content":{"rendered":"<div class=\"vc_row wpb_row vc_row-fluid\" ><div class=\"wpb_column vc_column_container vc_col-sm-12\"><div class=\"vc_column-inner\"><div class=\"wpb_wrapper\"><div class=\"vc_btn3-container vc_btn3-inline\" ><button class=\"vc_general vc_btn3 vc_btn3-size-md vc_btn3-shape-rounded vc_btn3-style-modern vc_btn3-color-green\">REZERV\u0112T TAGAD<\/button><\/div>[mkdf_section_title title_tag=\u00bb\u00bb disable_break_words=\u00bbno\u00bb subtitle_tag=\u00bb\u00bb title=\u00bbLos Haitises Boat Private trip &#8211; From Club Med Mich\u00e8s Playa Esmeralda Areas\u00bb subtitle=\u00bbMangroves, Local Guides and Caves\u00bb]<\/div><\/div><\/div><\/div><div class=\"vc_row wpb_row vc_row-fluid\" ><div class=\"wpb_column vc_column_container vc_col-sm-12\"><div class=\"vc_column-inner\"><div class=\"wpb_wrapper\">\n\t<div class=\"wpb_text_column wpb_content_element\" >\n\t\t<div class=\"wpb_wrapper\">\n\t\t\t<h4><b><i>P\u0101rskats <\/i><\/b><\/h4>\n<p>If you are In Miches pick a Private normal trip to Los Haitises National Park.\u00a0 Come with us and visit the most beautiful national park of the Dominican Republic, Visiting Mangroves, Caves, and San Lorenzo Bay. This experience can start from the Sabana de la Mar community learning about the history of Sabana de la Mar. Also, we start this trip from Sabana de la mar.<\/p>\n<ul>\n<li style=\"font-weight: 400;\">Maksas iek\u013cautas<\/li>\n<li style=\"font-weight: 400;\"><span style=\"font-weight: 400;\">Ce\u013cvedis nodro\u0161ina instrukcijas un uzraudz\u012bbu<\/span><\/li>\n<li>Lunch is Not included for Lunch at Ca\u00f1o Hondo Pick this tour: <a href=\"https:\/\/www.ticketswhales.com\/tour\/los-haitises-national-park-lunch-at-cano-hondo-from-sabana-de-la-mar\/\" target=\"_blank\" rel=\"noopener\">Los Haitises Plus Ca\u00f1o Hondo.<\/a><\/li>\n<\/ul>\n<p>&nbsp;<\/p>\n<h4><b>Iek\u013cau\u0161ana un izsl\u0113g\u0161ana<\/b><\/h4>\n<p>&nbsp;<\/p>\n<p><b>Iesl\u0113gumi<\/b><\/p>\n<ol>\n<li style=\"font-weight: 400;\">Los Haitises t\u016bre + alas un piktogrammas<\/li>\n<li style=\"font-weight: 400;\"><span style=\"font-weight: 400;\">Visi nodok\u013ci, nodevas un apstr\u0101des izmaksas<\/span><\/li>\n<li style=\"font-weight: 400;\"><span style=\"font-weight: 400;\">Viet\u0113jie nodok\u013ci<\/span><\/li>\n<li style=\"font-weight: 400;\"><span style=\"font-weight: 400;\">Visas aktivit\u0101tes<\/span><\/li>\n<li style=\"font-weight: 400;\"><span style=\"font-weight: 400;\">Viet\u0113jais ce\u013cvedis<\/span><\/li>\n<li>Transportation incluided<\/li>\n<\/ol>\n<p><b> Iz\u0146\u0113mumi<\/b><\/p>\n<ol>\n<li style=\"font-weight: 400;\"><span style=\"font-weight: 400;\">Dzeramnaudas<\/span><\/li>\n<li>Lunch is Not included for Lunch at Ca\u00f1o Hondo Pick this tour: <a href=\"https:\/\/www.ticketswhales.com\/tour\/los-haitises-national-park-lunch-at-cano-hondo-from-sabana-de-la-mar\/\" target=\"_blank\" rel=\"noopener\">Los Haitises Plus Ca\u00f1o Hondo.<\/a><\/li>\n<li style=\"font-weight: 400;\"><span style=\"font-weight: 400;\">P\u0101rs\u016bt\u012b\u0161ana<\/span><\/li>\n<li style=\"font-weight: 400;\"><span style=\"font-weight: 400;\">Alkoholiskie dz\u0113rieni<\/span><\/li>\n<\/ol>\n<p>&nbsp;<\/p>\n<h4><em><strong>Izbrauk\u0161ana un atgrie\u0161an\u0101s<\/strong><\/em><\/h4>\n<p><span style=\"font-weight: 400;\">P\u0113c Rezerv\u0101cijas procesa ce\u013cot\u0101js ieg\u016bs tik\u0161an\u0101s vietu. Ekskursijas s\u0101kas un beidzas m\u016bsu tik\u0161an\u0101s punktos.<\/span><\/p>\n<p>&nbsp;<\/p>\n<h4><b><i>Ko sagaid\u012bt?<\/i><\/b><\/h4>\n<p>&nbsp;<\/p>\n<p><em><strong>Ieg\u016bstiet bi\u013cetes<\/strong><\/em> for visiting Los Haitises National Park from Miches with transportation included with Caves, Mangroves and San Lorenzo Bay.<\/p>\n<p>Lowest price to visit <strong>Los Haitises nacion\u0101lais parks<\/strong> from <strong>J\u016bras Savanna<\/strong> or Miches<strong>\u00a0Hotels<\/strong> with Locals. The Trip starts in the Main Port of\u00a0 The Haitises National Park. This trip starts at 10:00 am with a Local Tour Guide that knows the original History of the gorgeous National Park.<\/p>\n<p>After we start from the Main port of Los Haitises National Park name Ca\u00f1o Hondo (Deep Creek) on a BOAT with Life jackets. We will enjoy the Red Mangroves forest until arrive in San Lorenzo Bay. Small bay into Saman\u00e1 Bay. And here we go! The first amazing thing that you can see is the collection of a Huge limestones mountain island called Mogotes. on top of them more than 700 species of Plants and many wetlands birds flying around. Later Visiting Caves with pictographs from our indigenous communities 750 years ago.<\/p>\n<p>Caur mangrovju audz\u0113m un zemi atkl\u0101taj\u0101 San Lorenzo l\u012bc\u012b, no kurienes varat fotograf\u0113t skarbo me\u017ea ainavu. Paskatieties uz \u016bdeni, lai to paman\u012btu <em><strong>Lamant\u012bni<\/strong><\/em>, v\u0113\u017eveid\u012bgie un <em><strong>Delf\u012bni.<\/strong><\/em><\/p>\n<div class=\"body-description secondary\">\n<p>Nacion\u0101l\u0101 parka nosaukums c\u0113lies no t\u0101 s\u0101kotn\u0113jiem iedz\u012bvot\u0101jiem Taino indi\u0101\u0146iem. Vi\u0146u valod\u0101 \u201chaitises\u201d tulkojum\u0101 noz\u012bm\u0113 augstienes vai pakalni, atsauce uz krasta l\u012bnijas st\u0101vajiem \u0123eolo\u0123iskajiem veidojumiem ar ka\u013c\u0137akme\u0146iem. Dodieties dzi\u013c\u0101k park\u0101, lai izp\u0113t\u012btu alas, piem\u0113ram, <em><strong>Smil\u0161u ala<\/strong><\/em> un <strong><em>L\u012bnijas ala.<\/em><\/strong> Caves in the reserve were used as shelter by the Taino Indians and, later, by hiding pirates. Look for drawings by Indians that decorate some of the walls. After visiting Los Haitises National Park we will go back to the port where our trip started.<\/p>\n<\/div>\n<p>&nbsp;<\/p>\n<h4><em><strong>Kas j\u0101\u0146em l\u012bdzi?<\/strong><\/em><\/h4>\n<ul>\n<li style=\"font-weight: 400;\"><span style=\"font-weight: 400;\">kameru<\/span><\/li>\n<li style=\"font-weight: 400;\"><span style=\"font-weight: 400;\">Atbaido\u0161i pumpuri<\/span><\/li>\n<li style=\"font-weight: 400;\"><span style=\"font-weight: 400;\">sau\u013co\u0161an\u0101s kr\u0113ms<\/span><\/li>\n<li style=\"font-weight: 400;\"><span style=\"font-weight: 400;\">Cepure<\/span><\/li>\n<li style=\"font-weight: 400;\"><span style=\"font-weight: 400;\">\u0112rtas bikses<\/span><\/li>\n<li style=\"font-weight: 400;\"><span style=\"font-weight: 400;\">P\u0101rg\u0101jienu apavi me\u017eam<\/span><\/li>\n<li style=\"font-weight: 400;\"><span style=\"font-weight: 400;\">Sandales uz pavasara zon\u0101m.<\/span><\/li>\n<li style=\"font-weight: 400;\"><span style=\"font-weight: 400;\">Peld\u0113\u0161anas ap\u0123\u0113rbs<\/span><\/li>\n<\/ul>\n<p>&nbsp;<\/p>\n<h4><b><i>Sa\u0146em\u0161ana viesn\u012bc\u0101 <\/i><\/b><\/h4>\n<p><span style=\"font-weight: 400;\">Hotel pick-up is offered if you are in Miches or Sabana de la mar \u00a0Hotels.<\/span><\/p>\n<p>&nbsp;<\/p>\n<p><b>Piez\u012bme:<\/b><span style=\"font-weight: 400;\"> if you are booking within 24 hours of the tour\/Excursion departure time, we can arrange hotel pick-up with extra Charges if you are not in Miches or Sabana de la mar hotels. Once your purchase is complete, we will send you complete contact information (phone number, email address, etc.) for our local Tour guide to organize pick-up arrangements.<\/span><\/p>\n<h4><b><i>Papildu inform\u0101cijas apstiprin\u0101jums <\/i><\/b><\/h4>\n<ol>\n<li>Bi\u013cetes ir kv\u012bts p\u0113c \u0161\u012bs ekskursijas apmaksas. J\u016bs varat par\u0101d\u012bt maks\u0101jumu sav\u0101 t\u0101lrun\u012b.<\/li>\n<li style=\"font-weight: 400;\"><span style=\"font-weight: 400;\">Tik\u0161an\u0101s vieta tiks sa\u0146emta p\u0113c rezerv\u0101cijas procesa.<\/span><\/li>\n<li style=\"font-weight: 400;\"><span style=\"font-weight: 400;\">B\u0113rniem j\u0101b\u016bt pieaugu\u0161o pavad\u012bb\u0101.<\/span><\/li>\n<li style=\"font-weight: 400;\"><span style=\"font-weight: 400;\"> Nav pieejams ar rati\u0146kr\u0113slu <\/span><\/li>\n<li style=\"font-weight: 400;\"><span style=\"font-weight: 400;\">Z\u012bdai\u0146iem j\u0101s\u0113\u017e kl\u0113p\u012b <\/span><\/li>\n<li style=\"font-weight: 400;\"><span style=\"font-weight: 400;\">Nav ieteicams ce\u013cot\u0101jiem ar muguras probl\u0113m\u0101m<\/span><\/li>\n<li style=\"font-weight: 400;\"><span style=\"font-weight: 400;\">Nav ieteicams ce\u013cot\u0101jiem gr\u016btniec\u0113m <\/span><\/li>\n<li style=\"font-weight: 400;\"><span style=\"font-weight: 400;\"> Nav sirds probl\u0113mu vai citu nopietnu medic\u012bnisku st\u0101vok\u013cu <\/span><\/li>\n<li style=\"font-weight: 400;\"><span style=\"font-weight: 400;\">Liel\u0101k\u0101 da\u013ca ce\u013cot\u0101ju var piedal\u012bties<\/span><\/li>\n<\/ol>\n<h4><b><i>Atcel\u0161anas politika<\/i><\/b><\/h4>\n<p>Lai sa\u0146emtu pilnu kompens\u0101ciju, l\u016bdzu, izlasiet m\u016bsu Atcel\u0161anas noteikumus.\u00a0<a href=\"https:\/\/www.ticketswhales.com\/online-booking\/\" target=\"_blank\" rel=\"noopener\" data-saferedirecturl=\"https:\/\/www.google.com\/url?q=https:\/\/www.ticketswhales.com\/online-booking\/&amp;source=gmail&amp;ust=1672449202351000&amp;usg=AOvVaw1yAeVAPktmaVCqDujgUn90\">Noklik\u0161\u0137iniet \u0161eit<\/a>. Funds will be lost if the reservation is canceled the same day of the trip.<\/p>\n\n\t\t<\/div>\n\t<\/div>\n<div class=\"vc_btn3-container vc_btn3-inline\" ><button class=\"vc_general vc_btn3 vc_btn3-size-md vc_btn3-shape-rounded vc_btn3-style-modern vc_btn3-color-green\">REZERV\u0112T TAGAD<\/button><\/div><\/div><\/div><\/div><\/div><div class=\"vc_row wpb_row vc_row-fluid\" ><div class=\"wpb_column vc_column_container vc_col-sm-12\"><div class=\"vc_column-inner\"><div class=\"wpb_wrapper\"><div class=\"vc_empty_space\"   style=\"height: 32px\"><span class=\"vc_empty_space_inner\"><\/span><\/div>\n\t<div class=\"wpb_text_column wpb_content_element\" >\n\t\t<div class=\"wpb_wrapper\">\n\t\t\t<h4>Sazinies ar mums?<\/h4>\n<h5>Piedz\u012bvojumu rezerv\u0113\u0161ana<\/h5>\n<p><em><strong>Viet\u0113jie iedz\u012bvot\u0101ji<\/strong>\u00a0un\u00a0<strong>Nacion\u0101\u013ci<\/strong>\u00a0Ce\u013cojumu gidi un viesu pakalpojumi<\/em><\/p>\n<p><span class=\"text-turquoise\">Rezerv\u0101cijas:<\/span>\u00a0Ekskursijas un ekskursijas Dom. Rep.<\/p>\n<p><img decoding=\"async\" class=\"emoji\" draggable=\"false\" src=\"https:\/\/s.w.org\/images\/core\/emoji\/11.2.0\/svg\/1f4de.svg\" alt=\"\ud83d\udcde\" \/>\u00a0T\u0101lrunis\/Whatsapp\u00a0\u00a0<a href=\"tel: 1-809-720-6035\">+1-809-720-6035<\/a>.<\/p>\n<p><img decoding=\"async\" class=\"emoji\" draggable=\"false\" src=\"https:\/\/s.w.org\/images\/core\/emoji\/11.2.0\/svg\/1f4e9.svg\" alt=\"\ud83d\udce9\" \/>\u00a0<a href=\"mailto:info@bookingadventures.com.do\">info@bookingadventures.com.do<\/a><\/p>\n<p><strong>M\u0113s elast\u012bgi iestat\u0101m Whatsapp priv\u0101t\u0101s ekskursijas:\u00a0<a href=\"tel: 18097206035\">+18097206035.<\/a><\/strong><\/p>\n\n\t\t<\/div>\n\t<\/div>\n<div class=\"vc_empty_space\"   style=\"height: 32px\"><span class=\"vc_empty_space_inner\"><\/span><\/div><\/div><\/div><\/div><\/div><div class=\"vc_row wpb_row vc_row-fluid\" ><div class=\"wpb_column vc_column_container vc_col-sm-12\"><div class=\"vc_column-inner\"><div class=\"wpb_wrapper\">[mkdf_section_title title_tag=\u00bb\u00bb disable_break_words=\u00bbno\u00bb subtitle_tag=\u00bb\u00bb text_font_weight=\u00bb\u00bb title=\u00bbCano Hondo Excursions\u00bb subtitle=\u00bbTours and Excursions around Cano Hondo\u00bb text=\u00bbOther options for tours and excursion in Cano Hondo area. Sabana de la mar, Republica Dominicana.\u00bb]<div class=\"woocommerce columns-4\"><\/div><\/div><\/div><\/div><\/div><div class=\"vc_row wpb_row vc_row-fluid\" ><div class=\"wpb_column vc_column_container vc_col-sm-12\"><div class=\"vc_column-inner\"><div class=\"wpb_wrapper\"><div class=\"vc_btn3-container vc_btn3-inline\" ><button class=\"vc_general vc_btn3 vc_btn3-size-md vc_btn3-shape-rounded vc_btn3-style-modern vc_btn3-color-green\">REZERV\u0112T TAGAD<\/button><\/div><\/div><\/div><\/div><\/div>","protected":false},"excerpt":{"rendered":"<p>Lowest price to visit <strong>Los Haitises nacion\u0101lais parks<\/strong> from <strong>J\u016bras Savanna<\/strong> or Miches<strong>\u00a0Hotels<\/strong> with Locals. The Trip starts in the Main Port of\u00a0 The Haitises National Park. This trip starts at 8:00 am with a Local Tour Guide that knows the original History of the gorgeous National Park.<\/p>\n<p>After we start from the Main port of Los Haitises National Park name Ca\u00f1o Hondo (Deep Creek) on a BOAT with Life jackets. We will enjoy the Red Mangroves forest until arrive in San Lorenzo Bay, a Small bay into the Saman\u00e1 Bay. And here we go! The first amazing thing that you can see is the collection of a Huge limestones mountain island called Mogotes. On top of them more than 700 species of Plants and many wetlands birds flying around. Later Visiting Caves with pictographs from our indigenous communities 750 years ago.<\/p>\n<p>&nbsp;<\/p>\n<p><strong>L\u016bdzu, izv\u0113lieties t\u016bres datumu\u00a0<\/strong><\/p>\n<p>&nbsp;<\/p>\n<p><strong>L\u016bdzu, izv\u0113lieties t\u016bres datumu\u00a0<\/strong><\/p>","protected":false},"featured_media":11332,"template":"","meta":[],"product_brand":[],"product_cat":[565,566,119,120,98,121,99,122,123,124],"product_tag":[125,126,446,127,128,129,130,447,131,132,522,133,134,114],"class_list":{"0":"post-11621","1":"product","2":"type-product","3":"status-publish","4":"has-post-thumbnail","6":"product_cat-1-sabana-de-la-mar","7":"product_cat-boat-trip-los-haitises","8":"product_cat-caves","9":"product_cat-fees-entrace","10":"product_cat-local-tour-guides","11":"product_cat-mangroves","12":"product_cat-swimming-natural-springs","13":"product_cat-tours-and-excursions","14":"product_cat-tours-excursions-los-haitises-national-park","15":"product_cat-tours-excursions-samana-bay-dominican-republic","16":"product_tag-boat-tour","17":"product_tag-cano-hondo","18":"product_tag-cano-hondo-excursion","19":"product_tag-cano-hondo-hotel","20":"product_tag-cano-hondo-tours","21":"product_tag-eco-tours","22":"product_tag-excursion","23":"product_tag-hotel-cano-hondo","24":"product_tag-locals-guides","25":"product_tag-los-haitises","26":"product_tag-los-haitises-boat-private-trip-from-club-med-miches-playa-esmeralda-areas","27":"product_tag-los-haitises-national-park","28":"product_tag-los-haitises-national-park-tour","29":"product_tag-sabana-de-la-mar","31":"first","32":"instock","33":"sale","34":"shipping-taxable","35":"product-type-external"},"_links":{"self":[{"href":"https:\/\/dominikanskarepublikadovolena.com\/lv\/wp-json\/wp\/v2\/product\/11621","targetHints":{"allow":["GET"]}}],"collection":[{"href":"https:\/\/dominikanskarepublikadovolena.com\/lv\/wp-json\/wp\/v2\/product"}],"about":[{"href":"https:\/\/dominikanskarepublikadovolena.com\/lv\/wp-json\/wp\/v2\/types\/product"}],"wp:featuredmedia":[{"embeddable":true,"href":"https:\/\/dominikanskarepublikadovolena.com\/lv\/wp-json\/wp\/v2\/media\/11332"}],"wp:attachment":[{"href":"https:\/\/dominikanskarepublikadovolena.com\/lv\/wp-json\/wp\/v2\/media?parent=11621"}],"wp:term":[{"taxonomy":"product_brand","embeddable":true,"href":"https:\/\/dominikanskarepublikadovolena.com\/lv\/wp-json\/wp\/v2\/product_brand?post=11621"},{"taxonomy":"product_cat","embeddable":true,"href":"https:\/\/dominikanskarepublikadovolena.com\/lv\/wp-json\/wp\/v2\/product_cat?post=11621"},{"taxonomy":"product_tag","embeddable":true,"href":"https:\/\/dominikanskarepublikadovolena.com\/lv\/wp-json\/wp\/v2\/product_tag?post=11621"}],"curies":[{"name":"wp","href":"https:\/\/api.w.org\/{rel}","templated":true}]}}